{"id":93,"date":"2022-07-28T16:47:06","date_gmt":"2022-07-28T14:47:06","guid":{"rendered":"http:\/\/stretchingcolomiers.fr\/?page_id=93"},"modified":"2025-09-09T15:13:24","modified_gmt":"2025-09-09T13:13:24","slug":"nadia","status":"publish","type":"page","link":"https:\/\/stretchingcolomiers.fr\/index.php\/nadia\/","title":{"rendered":"L&rsquo;intervenante"},"content":{"rendered":"<div class=\"wp-block-image\">\n<figure class=\"alignleft size-large is-resized\"><img loading=\"lazy\" decoding=\"async\" width=\"857\" height=\"1024\" src=\"http:\/\/stretchingcolomiers.fr\/wp-content\/uploads\/2022\/07\/nadia_2022-857x1024.jpg\" alt=\"\" class=\"wp-image-99\" style=\"width:214px;height:256px\" srcset=\"https:\/\/stretchingcolomiers.fr\/wp-content\/uploads\/2022\/07\/nadia_2022-857x1024.jpg 857w, https:\/\/stretchingcolomiers.fr\/wp-content\/uploads\/2022\/07\/nadia_2022-251x300.jpg 251w, https:\/\/stretchingcolomiers.fr\/wp-content\/uploads\/2022\/07\/nadia_2022-768x918.jpg 768w, https:\/\/stretchingcolomiers.fr\/wp-content\/uploads\/2022\/07\/nadia_2022-1285x1536.jpg 1285w, https:\/\/stretchingcolomiers.fr\/wp-content\/uploads\/2022\/07\/nadia_2022-50x60.jpg 50w, https:\/\/stretchingcolomiers.fr\/wp-content\/uploads\/2022\/07\/nadia_2022.jpg 1654w\" sizes=\"auto, (max-width: 857px) 100vw, 857px\" \/><\/figure>\n<\/div>\n\n\n<p class=\"has-text-color\" style=\"color:#050404\">Form\u00e9e au Stretching Postural <sup>\u00ae<\/sup>M\u00e9thode Moreau<sup>\u00ae<\/sup> en Mai 2013, j\u2019interviens dans l\u2019association C\u2019est en vous depuis Septembre 2013.<\/p>\n\n\n\n<p class=\"has-text-color\" style=\"color:#050404\">A ce jour, 5 s\u00e9ances par semaine en salle \u00e0 Colomiers, et 2 \u00e0 L&rsquo;Isle Jourdain (<a href=\"https:\/\/www.7envous.fr\/stretching-postural\/\">https:\/\/www.7envous.fr\/stretching-postural\/<\/a>), pendant lesquelles je prends plaisir :<br>&#8211; \u00e0 transmettre les postures, <br>&#8211; \u00e0 vous amener vers l\u2019harmonie corporelle, <br>&#8211; \u00e0 vous faire ressentir la verticalit\u00e9, le travail (en tonification ou \u00e9tirements) des muscles posturaux mais aussi de toute la structure musculaire.<\/p>\n\n\n\n<p><strong>Cr\u00e9ation d&rsquo;un nouveau cours<\/strong> <strong><em>\u00c9quilibre &amp; \u00c9tirements<\/em><\/strong> \u00e0 Colomiers (<a href=\"https:\/\/www.7envous.fr\/equilibre-etirements\/\">https:\/\/www.7envous.fr\/equilibre-etirements\/<\/a>)<\/p>\n\n\n\n<p class=\"has-text-color\" style=\"color:#050404\">\u00catre attentive au besoin d\u2019adapter les postures selon les pathologies ponctuelles ou durables fait partie int\u00e9grante de mon accompagnement, ce qui vous permet ainsi un suivi optimum. Le tout sur une note de bonne humeur, associant travail corporel et plaisir du moment.<\/p>\n\n\n\n<p class=\"has-text-color\" style=\"color:#050404\">\u00c9galement dipl\u00f4m\u00e9e en Somato-Relaxologie (\u00e9cole OR \u00e0 Bordeaux promotion 2005), form\u00e9e aux Fleurs de Bach, initi\u00e9e \u00e0 l\u2019\u00c9nergie Universelle et \u00e0 l\u2019E.F.T. (Emotionnal Freedom Technic, niveau 2) pour vous accompagner individuellement en tant que Praticienne en Soins Holistiques, et Somatoth\u00e9rapeute. (<a href=\"http:\/\/www.7envous.fr\/\">voir mon site : 7enVous<\/a>)<\/p>\n","protected":false},"excerpt":{"rendered":"<p>Form\u00e9e au Stretching Postural \u00aeM\u00e9thode Moreau\u00ae en Mai 2013, j\u2019interviens dans l\u2019association C\u2019est en vous depuis Septembre 2013. A ce jour, 5 s\u00e9ances par semaine en salle \u00e0 Colomiers, et 2 \u00e0 L&rsquo;Isle Jourdain (https:\/\/www.7envous.fr\/stretching-postural\/), pendant lesquelles je prends plaisir :&#8211; \u00e0 transmettre les postures, &#8211; \u00e0 vous amener vers l\u2019harmonie corporelle, &#8211; \u00e0 vous &hellip; <a href=\"https:\/\/stretchingcolomiers.fr\/index.php\/nadia\/\" class=\"more-link\">Continuer la lecture de <span class=\"screen-reader-text\">L&rsquo;intervenante<\/span> <span class=\"meta-nav\">&rarr;<\/span><\/a><\/p>\n","protected":false},"author":1,"featured_media":0,"parent":0,"menu_order":0,"comment_status":"closed","ping_status":"closed","template":"","meta":{"footnotes":""},"class_list":["post-93","page","type-page","status-publish","hentry"],"_links":{"self":[{"href":"https:\/\/stretchingcolomiers.fr\/index.php\/wp-json\/wp\/v2\/pages\/93","targetHints":{"allow":["GET"]}}],"collection":[{"href":"https:\/\/stretchingcolomiers.fr\/index.php\/wp-json\/wp\/v2\/pages"}],"about":[{"href":"https:\/\/stretchingcolomiers.fr\/index.php\/wp-json\/wp\/v2\/types\/page"}],"author":[{"embeddable":true,"href":"https:\/\/stretchingcolomiers.fr\/index.php\/wp-json\/wp\/v2\/users\/1"}],"replies":[{"embeddable":true,"href":"https:\/\/stretchingcolomiers.fr\/index.php\/wp-json\/wp\/v2\/comments?post=93"}],"version-history":[{"count":8,"href":"https:\/\/stretchingcolomiers.fr\/index.php\/wp-json\/wp\/v2\/pages\/93\/revisions"}],"predecessor-version":[{"id":511,"href":"https:\/\/stretchingcolomiers.fr\/index.php\/wp-json\/wp\/v2\/pages\/93\/revisions\/511"}],"wp:attachment":[{"href":"https:\/\/stretchingcolomiers.fr\/index.php\/wp-json\/wp\/v2\/media?parent=93"}],"curies":[{"name":"wp","href":"https:\/\/api.w.org\/{rel}","templated":true}]}}