{"id":89,"date":"2022-07-28T16:04:53","date_gmt":"2022-07-28T14:04:53","guid":{"rendered":"http:\/\/stretchingcolomiers.fr\/?page_id=89"},"modified":"2025-06-18T13:21:57","modified_gmt":"2025-06-18T11:21:57","slug":"horaires-et-lieux","status":"publish","type":"page","link":"https:\/\/stretchingcolomiers.fr\/index.php\/horaires-et-lieux\/","title":{"rendered":"Horaires\/Lieux"},"content":{"rendered":"\n<h3 class=\"wp-block-heading has-text-color has-background\" style=\"color:#050404;background:linear-gradient(135deg,rgb(233,139,41) 0%,rgb(251,227,45) 38%,rgb(238,179,95) 100%)\">Toutes les s\u00e9ances ont lieu \u00e0 Colomiers<\/h3>\n\n\n\n<figure class=\"wp-block-table is-style-stripes\"><table><tbody><tr><th scope=\"col\">Horaires<\/th><th class=\"has-text-align-center\" data-align=\"center\" scope=\"col\">Lieux<\/th><\/tr><tr><td><strong>Lundi<\/strong> de 10h00 \u00e0 11h00<\/td><td class=\"has-text-align-center\" data-align=\"center\">Espace ROLBAR<br><em>11, avenue du Louron<\/em><\/td><\/tr><tr><td><strong>Mardi<\/strong> de 17h45 \u00e0 18h45<br><strong>et<\/strong> de 19h00 \u00e0 20h00<\/td><td class=\"has-text-align-center\" data-align=\"center\">Espace ROLBAR<br><em>11, avenue du Louron<\/em><\/td><\/tr><tr><td><strong>Mercredi<\/strong> de 9h30 \u00e0 10h30<\/td><td class=\"has-text-align-center\" data-align=\"center\">Espace ROLBAR<br><em>11, avenue du Louron<\/em><\/td><\/tr><tr><td><strong>Jeudi<\/strong> de 12h15 \u00e0 13h15<\/td><td class=\"has-text-align-center\" data-align=\"center\">Espace ROLBAR<br><em>11, avenue du Louron<\/em><\/td><\/tr><tr><td><\/td><td class=\"has-text-align-center\" data-align=\"center\"><\/td><\/tr><\/tbody><\/table><\/figure>\n\n\n\n<p class=\"has-text-color\" style=\"color:#2a2584\"><strong>Des ateliers \u00e0 th\u00e8mes vous sont aussi propos\u00e9s tout au long de l&rsquo;ann\u00e9e, ils se d\u00e9roulent le samedi.<\/strong><\/p>\n\n\n\n<figure class=\"wp-block-gallery has-nested-images columns-default is-cropped wp-block-gallery-1 is-layout-flex wp-block-gallery-is-layout-flex\">\n<figure class=\"wp-block-image size-large\"><img loading=\"lazy\" decoding=\"async\" width=\"800\" height=\"600\" data-id=\"157\" src=\"http:\/\/stretchingcolomiers.fr\/wp-content\/uploads\/2022\/07\/salle-rolbar.jpg\" alt=\"\" class=\"wp-image-157\" srcset=\"https:\/\/stretchingcolomiers.fr\/wp-content\/uploads\/2022\/07\/salle-rolbar.jpg 800w, https:\/\/stretchingcolomiers.fr\/wp-content\/uploads\/2022\/07\/salle-rolbar-300x225.jpg 300w, https:\/\/stretchingcolomiers.fr\/wp-content\/uploads\/2022\/07\/salle-rolbar-768x576.jpg 768w, https:\/\/stretchingcolomiers.fr\/wp-content\/uploads\/2022\/07\/salle-rolbar-80x60.jpg 80w\" sizes=\"auto, (max-width: 800px) 100vw, 800px\" \/><\/figure>\n<\/figure>\n","protected":false},"excerpt":{"rendered":"<p>Toutes les s\u00e9ances ont lieu \u00e0 Colomiers Horaires Lieux Lundi de 10h00 \u00e0 11h00 Espace ROLBAR11, avenue du Louron Mardi de 17h45 \u00e0 18h45et de 19h00 \u00e0 20h00 Espace ROLBAR11, avenue du Louron Mercredi de 9h30 \u00e0 10h30 Espace ROLBAR11, avenue du Louron Jeudi de 12h15 \u00e0 13h15 Espace ROLBAR11, avenue du Louron Des ateliers &hellip; <a href=\"https:\/\/stretchingcolomiers.fr\/index.php\/horaires-et-lieux\/\" class=\"more-link\">Continuer la lecture de <span class=\"screen-reader-text\">Horaires\/Lieux<\/span> <span class=\"meta-nav\">&rarr;<\/span><\/a><\/p>\n","protected":false},"author":1,"featured_media":0,"parent":0,"menu_order":0,"comment_status":"closed","ping_status":"closed","template":"","meta":{"footnotes":""},"class_list":["post-89","page","type-page","status-publish","hentry"],"_links":{"self":[{"href":"https:\/\/stretchingcolomiers.fr\/index.php\/wp-json\/wp\/v2\/pages\/89","targetHints":{"allow":["GET"]}}],"collection":[{"href":"https:\/\/stretchingcolomiers.fr\/index.php\/wp-json\/wp\/v2\/pages"}],"about":[{"href":"https:\/\/stretchingcolomiers.fr\/index.php\/wp-json\/wp\/v2\/types\/page"}],"author":[{"embeddable":true,"href":"https:\/\/stretchingcolomiers.fr\/index.php\/wp-json\/wp\/v2\/users\/1"}],"replies":[{"embeddable":true,"href":"https:\/\/stretchingcolomiers.fr\/index.php\/wp-json\/wp\/v2\/comments?post=89"}],"version-history":[{"count":13,"href":"https:\/\/stretchingcolomiers.fr\/index.php\/wp-json\/wp\/v2\/pages\/89\/revisions"}],"predecessor-version":[{"id":497,"href":"https:\/\/stretchingcolomiers.fr\/index.php\/wp-json\/wp\/v2\/pages\/89\/revisions\/497"}],"wp:attachment":[{"href":"https:\/\/stretchingcolomiers.fr\/index.php\/wp-json\/wp\/v2\/media?parent=89"}],"curies":[{"name":"wp","href":"https:\/\/api.w.org\/{rel}","templated":true}]}}