{"id":86,"date":"2022-07-28T16:02:22","date_gmt":"2022-07-28T14:02:22","guid":{"rendered":"http:\/\/stretchingcolomiers.fr\/?page_id=86"},"modified":"2025-09-09T15:09:28","modified_gmt":"2025-09-09T13:09:28","slug":"actualites","status":"publish","type":"page","link":"https:\/\/stretchingcolomiers.fr\/index.php\/actualites\/","title":{"rendered":"Actus\/Photos"},"content":{"rendered":"\n<p class=\"has-white-color has-text-color has-background has-link-color wp-elements-b26deca53ce2369351066a9843cbfd50\" style=\"background:radial-gradient(rgba(6,147,227,1) 0%,rgb(155,81,224) 100%)\"><strong><em>AUTRE ACTU !<\/em><\/strong> <strong>Cr\u00e9ation d&rsquo;un nouveau cours<\/strong> <strong><em>\u00c9quilibre &amp; \u00c9tirements<\/em><\/strong> \u00e0 Colomiers RENSIGNEMENTS SUR <a href=\"https:\/\/www.7envous.fr\/equilibre-etirements\/\">https:\/\/www.7envous.fr\/equilibre-etirements\/<\/a><\/p>\n\n\n\n<p class=\"has-dark-gray-color has-text-color has-background has-link-color wp-elements-eedfdce2dcf529e222cf9ca637b04445\" style=\"background-color:#8ce617\"><strong><em>LA RENTR\u00c9E??? ELLE  A COMMENC\u00c9 D\u00c8S LE 1er septembre ! \ud83d\ude42  CONTACT NADIA 06.20.65.69.52<\/em><\/strong><\/p>\n\n\n\n<p class=\"has-background\" style=\"background:linear-gradient(135deg,rgb(6,147,227) 0%,rgb(255,255,255) 63%,rgb(155,81,224) 100%)\">T\u00e9moignage de S\u00e9bastien B. 53 ans \u00ab\u00a0J&rsquo;ai commenc\u00e9 la saison avec un manque manifeste de souplesse, des douleurs lombaires et une musculature abdominale et dorsale tr\u00e8s faible. A raison de 3 s\u00e9ances en moyenne par mois, les progr\u00e8s se sont fait sentir progressivement : meilleur tenue, beaucoup moins de douleurs et un peu de souplesse retrouv\u00e9e. Il reste encore beaucoup de travail \u00e0 accomplir. Mais je partais de loin &#8230;. Nadia a \u00e9t\u00e9 tr\u00e8s vigilante \u00e0 mes probl\u00e9matiques et corrige mes mouvements et positions pour s&rsquo;assurer de leur efficacit\u00e9 et \u00e9viter tout effet contre-productif ou douloureux. Le rythme de chacun est respect\u00e9.&nbsp;Les exercices sont vari\u00e9s et progressifs.&nbsp; L&rsquo;ambiance est conviviale. J&rsquo;ai d\u00e9j\u00e0 repris la carte de 10 s\u00e9ances individuelles pour la saison 2024\/2025. Je recommande sans h\u00e9siter le suivi de ces cours.\u00a0\u00bb<\/p>\n\n\n\n<div class=\"wp-block-group\"><div class=\"wp-block-group__inner-container is-layout-constrained wp-block-group-is-layout-constrained\"><\/div><\/div>\n\n\n\n<div class=\"wp-block-group\"><div class=\"wp-block-group__inner-container is-layout-constrained wp-block-group-is-layout-constrained\">\n<p><\/p>\n\n\n\n<figure class=\"wp-block-gallery has-nested-images columns-default is-cropped wp-block-gallery-1 is-layout-flex wp-block-gallery-is-layout-flex\">\n<figure class=\"wp-block-image size-large\"><img loading=\"lazy\" decoding=\"async\" width=\"2560\" height=\"1920\" data-id=\"84\" src=\"http:\/\/stretchingcolomiers.fr\/wp-content\/uploads\/2022\/07\/11-scaled.jpg\" alt=\"\" class=\"wp-image-84\" srcset=\"https:\/\/stretchingcolomiers.fr\/wp-content\/uploads\/2022\/07\/11-scaled.jpg 2560w, https:\/\/stretchingcolomiers.fr\/wp-content\/uploads\/2022\/07\/11-300x225.jpg 300w, https:\/\/stretchingcolomiers.fr\/wp-content\/uploads\/2022\/07\/11-1024x768.jpg 1024w, https:\/\/stretchingcolomiers.fr\/wp-content\/uploads\/2022\/07\/11-768x576.jpg 768w, https:\/\/stretchingcolomiers.fr\/wp-content\/uploads\/2022\/07\/11-1536x1152.jpg 1536w, https:\/\/stretchingcolomiers.fr\/wp-content\/uploads\/2022\/07\/11-2048x1536.jpg 2048w, https:\/\/stretchingcolomiers.fr\/wp-content\/uploads\/2022\/07\/11-80x60.jpg 80w\" sizes=\"auto, (max-width: 2560px) 100vw, 2560px\" \/><\/figure>\n\n\n\n<figure class=\"wp-block-image size-large\"><img loading=\"lazy\" decoding=\"async\" width=\"640\" height=\"480\" data-id=\"126\" src=\"http:\/\/stretchingcolomiers.fr\/wp-content\/uploads\/2022\/07\/02.jpg\" alt=\"\" class=\"wp-image-126\" srcset=\"https:\/\/stretchingcolomiers.fr\/wp-content\/uploads\/2022\/07\/02.jpg 640w, https:\/\/stretchingcolomiers.fr\/wp-content\/uploads\/2022\/07\/02-300x225.jpg 300w, https:\/\/stretchingcolomiers.fr\/wp-content\/uploads\/2022\/07\/02-80x60.jpg 80w\" sizes=\"auto, (max-width: 640px) 100vw, 640px\" \/><\/figure>\n\n\n\n<figure class=\"wp-block-image size-large\"><img loading=\"lazy\" decoding=\"async\" width=\"2560\" height=\"1920\" data-id=\"128\" src=\"http:\/\/stretchingcolomiers.fr\/wp-content\/uploads\/2022\/07\/04-scaled.jpg\" alt=\"\" class=\"wp-image-128\" srcset=\"https:\/\/stretchingcolomiers.fr\/wp-content\/uploads\/2022\/07\/04-scaled.jpg 2560w, https:\/\/stretchingcolomiers.fr\/wp-content\/uploads\/2022\/07\/04-300x225.jpg 300w, https:\/\/stretchingcolomiers.fr\/wp-content\/uploads\/2022\/07\/04-1024x768.jpg 1024w, https:\/\/stretchingcolomiers.fr\/wp-content\/uploads\/2022\/07\/04-768x576.jpg 768w, https:\/\/stretchingcolomiers.fr\/wp-content\/uploads\/2022\/07\/04-1536x1152.jpg 1536w, https:\/\/stretchingcolomiers.fr\/wp-content\/uploads\/2022\/07\/04-2048x1536.jpg 2048w, https:\/\/stretchingcolomiers.fr\/wp-content\/uploads\/2022\/07\/04-80x60.jpg 80w\" sizes=\"auto, (max-width: 2560px) 100vw, 2560px\" \/><\/figure>\n\n\n\n<figure class=\"wp-block-image size-large\"><img loading=\"lazy\" decoding=\"async\" width=\"2560\" height=\"1920\" data-id=\"129\" src=\"http:\/\/stretchingcolomiers.fr\/wp-content\/uploads\/2022\/07\/05-scaled.jpg\" alt=\"\" class=\"wp-image-129\" srcset=\"https:\/\/stretchingcolomiers.fr\/wp-content\/uploads\/2022\/07\/05-scaled.jpg 2560w, https:\/\/stretchingcolomiers.fr\/wp-content\/uploads\/2022\/07\/05-300x225.jpg 300w, https:\/\/stretchingcolomiers.fr\/wp-content\/uploads\/2022\/07\/05-1024x768.jpg 1024w, https:\/\/stretchingcolomiers.fr\/wp-content\/uploads\/2022\/07\/05-768x576.jpg 768w, https:\/\/stretchingcolomiers.fr\/wp-content\/uploads\/2022\/07\/05-1536x1152.jpg 1536w, https:\/\/stretchingcolomiers.fr\/wp-content\/uploads\/2022\/07\/05-2048x1536.jpg 2048w, https:\/\/stretchingcolomiers.fr\/wp-content\/uploads\/2022\/07\/05-80x60.jpg 80w\" sizes=\"auto, (max-width: 2560px) 100vw, 2560px\" \/><\/figure>\n\n\n\n<figure class=\"wp-block-image size-large\"><img loading=\"lazy\" decoding=\"async\" width=\"640\" height=\"480\" data-id=\"130\" src=\"http:\/\/stretchingcolomiers.fr\/wp-content\/uploads\/2022\/07\/06-1.jpg\" alt=\"\" class=\"wp-image-130\" srcset=\"https:\/\/stretchingcolomiers.fr\/wp-content\/uploads\/2022\/07\/06-1.jpg 640w, https:\/\/stretchingcolomiers.fr\/wp-content\/uploads\/2022\/07\/06-1-300x225.jpg 300w, https:\/\/stretchingcolomiers.fr\/wp-content\/uploads\/2022\/07\/06-1-80x60.jpg 80w\" sizes=\"auto, (max-width: 640px) 100vw, 640px\" \/><\/figure>\n\n\n\n<figure class=\"wp-block-image size-large\"><img loading=\"lazy\" decoding=\"async\" width=\"2560\" height=\"1920\" data-id=\"131\" src=\"http:\/\/stretchingcolomiers.fr\/wp-content\/uploads\/2022\/07\/07-scaled.jpg\" alt=\"\" class=\"wp-image-131\" srcset=\"https:\/\/stretchingcolomiers.fr\/wp-content\/uploads\/2022\/07\/07-scaled.jpg 2560w, https:\/\/stretchingcolomiers.fr\/wp-content\/uploads\/2022\/07\/07-300x225.jpg 300w, https:\/\/stretchingcolomiers.fr\/wp-content\/uploads\/2022\/07\/07-1024x768.jpg 1024w, https:\/\/stretchingcolomiers.fr\/wp-content\/uploads\/2022\/07\/07-768x576.jpg 768w, https:\/\/stretchingcolomiers.fr\/wp-content\/uploads\/2022\/07\/07-1536x1152.jpg 1536w, https:\/\/stretchingcolomiers.fr\/wp-content\/uploads\/2022\/07\/07-2048x1536.jpg 2048w, https:\/\/stretchingcolomiers.fr\/wp-content\/uploads\/2022\/07\/07-80x60.jpg 80w\" sizes=\"auto, (max-width: 2560px) 100vw, 2560px\" \/><\/figure>\n\n\n\n<figure class=\"wp-block-image size-large\"><img loading=\"lazy\" decoding=\"async\" width=\"2560\" height=\"1920\" data-id=\"132\" src=\"http:\/\/stretchingcolomiers.fr\/wp-content\/uploads\/2022\/07\/08-scaled.jpg\" alt=\"\" class=\"wp-image-132\" srcset=\"https:\/\/stretchingcolomiers.fr\/wp-content\/uploads\/2022\/07\/08-scaled.jpg 2560w, https:\/\/stretchingcolomiers.fr\/wp-content\/uploads\/2022\/07\/08-300x225.jpg 300w, https:\/\/stretchingcolomiers.fr\/wp-content\/uploads\/2022\/07\/08-1024x768.jpg 1024w, https:\/\/stretchingcolomiers.fr\/wp-content\/uploads\/2022\/07\/08-768x576.jpg 768w, https:\/\/stretchingcolomiers.fr\/wp-content\/uploads\/2022\/07\/08-1536x1152.jpg 1536w, https:\/\/stretchingcolomiers.fr\/wp-content\/uploads\/2022\/07\/08-2048x1536.jpg 2048w, https:\/\/stretchingcolomiers.fr\/wp-content\/uploads\/2022\/07\/08-80x60.jpg 80w\" sizes=\"auto, (max-width: 2560px) 100vw, 2560px\" \/><\/figure>\n\n\n\n<figure class=\"wp-block-image size-large\"><img loading=\"lazy\" decoding=\"async\" width=\"640\" height=\"480\" data-id=\"133\" src=\"http:\/\/stretchingcolomiers.fr\/wp-content\/uploads\/2022\/07\/09.jpg\" alt=\"\" class=\"wp-image-133\" srcset=\"https:\/\/stretchingcolomiers.fr\/wp-content\/uploads\/2022\/07\/09.jpg 640w, https:\/\/stretchingcolomiers.fr\/wp-content\/uploads\/2022\/07\/09-300x225.jpg 300w, https:\/\/stretchingcolomiers.fr\/wp-content\/uploads\/2022\/07\/09-80x60.jpg 80w\" sizes=\"auto, (max-width: 640px) 100vw, 640px\" \/><\/figure>\n\n\n\n<figure class=\"wp-block-image size-large\"><img loading=\"lazy\" decoding=\"async\" width=\"640\" height=\"480\" data-id=\"134\" src=\"http:\/\/stretchingcolomiers.fr\/wp-content\/uploads\/2022\/07\/10.jpg\" alt=\"\" class=\"wp-image-134\" srcset=\"https:\/\/stretchingcolomiers.fr\/wp-content\/uploads\/2022\/07\/10.jpg 640w, https:\/\/stretchingcolomiers.fr\/wp-content\/uploads\/2022\/07\/10-300x225.jpg 300w, https:\/\/stretchingcolomiers.fr\/wp-content\/uploads\/2022\/07\/10-80x60.jpg 80w\" sizes=\"auto, (max-width: 640px) 100vw, 640px\" \/><\/figure>\n\n\n\n<figure class=\"wp-block-image size-large\"><img loading=\"lazy\" decoding=\"async\" width=\"2560\" height=\"1920\" data-id=\"135\" src=\"http:\/\/stretchingcolomiers.fr\/wp-content\/uploads\/2022\/07\/11-1-scaled.jpg\" alt=\"\" class=\"wp-image-135\" srcset=\"https:\/\/stretchingcolomiers.fr\/wp-content\/uploads\/2022\/07\/11-1-scaled.jpg 2560w, https:\/\/stretchingcolomiers.fr\/wp-content\/uploads\/2022\/07\/11-1-300x225.jpg 300w, https:\/\/stretchingcolomiers.fr\/wp-content\/uploads\/2022\/07\/11-1-1024x768.jpg 1024w, https:\/\/stretchingcolomiers.fr\/wp-content\/uploads\/2022\/07\/11-1-768x576.jpg 768w, https:\/\/stretchingcolomiers.fr\/wp-content\/uploads\/2022\/07\/11-1-1536x1152.jpg 1536w, https:\/\/stretchingcolomiers.fr\/wp-content\/uploads\/2022\/07\/11-1-2048x1536.jpg 2048w, https:\/\/stretchingcolomiers.fr\/wp-content\/uploads\/2022\/07\/11-1-80x60.jpg 80w\" sizes=\"auto, (max-width: 2560px) 100vw, 2560px\" \/><\/figure>\n\n\n\n<figure class=\"wp-block-image size-large\"><img loading=\"lazy\" decoding=\"async\" width=\"2560\" height=\"1920\" data-id=\"136\" src=\"http:\/\/stretchingcolomiers.fr\/wp-content\/uploads\/2022\/07\/12-scaled.jpg\" alt=\"\" class=\"wp-image-136\" srcset=\"https:\/\/stretchingcolomiers.fr\/wp-content\/uploads\/2022\/07\/12-scaled.jpg 2560w, https:\/\/stretchingcolomiers.fr\/wp-content\/uploads\/2022\/07\/12-300x225.jpg 300w, https:\/\/stretchingcolomiers.fr\/wp-content\/uploads\/2022\/07\/12-1024x768.jpg 1024w, https:\/\/stretchingcolomiers.fr\/wp-content\/uploads\/2022\/07\/12-768x576.jpg 768w, https:\/\/stretchingcolomiers.fr\/wp-content\/uploads\/2022\/07\/12-1536x1152.jpg 1536w, https:\/\/stretchingcolomiers.fr\/wp-content\/uploads\/2022\/07\/12-2048x1536.jpg 2048w, https:\/\/stretchingcolomiers.fr\/wp-content\/uploads\/2022\/07\/12-80x60.jpg 80w\" sizes=\"auto, (max-width: 2560px) 100vw, 2560px\" \/><\/figure>\n\n\n\n<figure class=\"wp-block-image size-large\"><img loading=\"lazy\" decoding=\"async\" width=\"2560\" height=\"1920\" data-id=\"137\" src=\"http:\/\/stretchingcolomiers.fr\/wp-content\/uploads\/2022\/07\/13-scaled.jpg\" alt=\"\" class=\"wp-image-137\" srcset=\"https:\/\/stretchingcolomiers.fr\/wp-content\/uploads\/2022\/07\/13-scaled.jpg 2560w, https:\/\/stretchingcolomiers.fr\/wp-content\/uploads\/2022\/07\/13-300x225.jpg 300w, https:\/\/stretchingcolomiers.fr\/wp-content\/uploads\/2022\/07\/13-1024x768.jpg 1024w, https:\/\/stretchingcolomiers.fr\/wp-content\/uploads\/2022\/07\/13-768x576.jpg 768w, https:\/\/stretchingcolomiers.fr\/wp-content\/uploads\/2022\/07\/13-1536x1152.jpg 1536w, https:\/\/stretchingcolomiers.fr\/wp-content\/uploads\/2022\/07\/13-2048x1536.jpg 2048w, https:\/\/stretchingcolomiers.fr\/wp-content\/uploads\/2022\/07\/13-80x60.jpg 80w\" sizes=\"auto, (max-width: 2560px) 100vw, 2560px\" \/><\/figure>\n\n\n\n<figure class=\"wp-block-image size-large\"><img loading=\"lazy\" decoding=\"async\" width=\"2560\" height=\"1920\" data-id=\"138\" src=\"http:\/\/stretchingcolomiers.fr\/wp-content\/uploads\/2022\/07\/14-scaled.jpg\" alt=\"\" class=\"wp-image-138\" srcset=\"https:\/\/stretchingcolomiers.fr\/wp-content\/uploads\/2022\/07\/14-scaled.jpg 2560w, https:\/\/stretchingcolomiers.fr\/wp-content\/uploads\/2022\/07\/14-300x225.jpg 300w, https:\/\/stretchingcolomiers.fr\/wp-content\/uploads\/2022\/07\/14-1024x768.jpg 1024w, https:\/\/stretchingcolomiers.fr\/wp-content\/uploads\/2022\/07\/14-768x576.jpg 768w, https:\/\/stretchingcolomiers.fr\/wp-content\/uploads\/2022\/07\/14-1536x1152.jpg 1536w, https:\/\/stretchingcolomiers.fr\/wp-content\/uploads\/2022\/07\/14-2048x1536.jpg 2048w, https:\/\/stretchingcolomiers.fr\/wp-content\/uploads\/2022\/07\/14-80x60.jpg 80w\" sizes=\"auto, (max-width: 2560px) 100vw, 2560px\" \/><\/figure>\n\n\n\n<figure class=\"wp-block-image size-large\"><img loading=\"lazy\" decoding=\"async\" width=\"1920\" height=\"2560\" data-id=\"139\" src=\"http:\/\/stretchingcolomiers.fr\/wp-content\/uploads\/2022\/07\/cours-zoom-obs-scaled.jpg\" alt=\"\" class=\"wp-image-139\" srcset=\"https:\/\/stretchingcolomiers.fr\/wp-content\/uploads\/2022\/07\/cours-zoom-obs-scaled.jpg 1920w, https:\/\/stretchingcolomiers.fr\/wp-content\/uploads\/2022\/07\/cours-zoom-obs-225x300.jpg 225w, https:\/\/stretchingcolomiers.fr\/wp-content\/uploads\/2022\/07\/cours-zoom-obs-768x1024.jpg 768w, https:\/\/stretchingcolomiers.fr\/wp-content\/uploads\/2022\/07\/cours-zoom-obs-1152x1536.jpg 1152w, https:\/\/stretchingcolomiers.fr\/wp-content\/uploads\/2022\/07\/cours-zoom-obs-1536x2048.jpg 1536w, https:\/\/stretchingcolomiers.fr\/wp-content\/uploads\/2022\/07\/cours-zoom-obs-45x60.jpg 45w\" sizes=\"auto, (max-width: 1920px) 100vw, 1920px\" \/><\/figure>\n\n\n\n<figure class=\"wp-block-image size-large\"><img loading=\"lazy\" decoding=\"async\" width=\"1920\" height=\"2560\" data-id=\"140\" src=\"http:\/\/stretchingcolomiers.fr\/wp-content\/uploads\/2022\/07\/cours-zoom-posture-scaled.jpg\" alt=\"\" class=\"wp-image-140\" srcset=\"https:\/\/stretchingcolomiers.fr\/wp-content\/uploads\/2022\/07\/cours-zoom-posture-scaled.jpg 1920w, https:\/\/stretchingcolomiers.fr\/wp-content\/uploads\/2022\/07\/cours-zoom-posture-225x300.jpg 225w, https:\/\/stretchingcolomiers.fr\/wp-content\/uploads\/2022\/07\/cours-zoom-posture-768x1024.jpg 768w, https:\/\/stretchingcolomiers.fr\/wp-content\/uploads\/2022\/07\/cours-zoom-posture-1152x1536.jpg 1152w, https:\/\/stretchingcolomiers.fr\/wp-content\/uploads\/2022\/07\/cours-zoom-posture-1536x2048.jpg 1536w, https:\/\/stretchingcolomiers.fr\/wp-content\/uploads\/2022\/07\/cours-zoom-posture-45x60.jpg 45w\" sizes=\"auto, (max-width: 1920px) 100vw, 1920px\" \/><\/figure>\n\n\n\n<figure class=\"wp-block-image size-large\"><img loading=\"lazy\" decoding=\"async\" width=\"640\" height=\"480\" data-id=\"141\" src=\"http:\/\/stretchingcolomiers.fr\/wp-content\/uploads\/2022\/07\/IMG_6367-rotated.jpg\" alt=\"\" class=\"wp-image-141\" srcset=\"https:\/\/stretchingcolomiers.fr\/wp-content\/uploads\/2022\/07\/IMG_6367-rotated.jpg 640w, https:\/\/stretchingcolomiers.fr\/wp-content\/uploads\/2022\/07\/IMG_6367-300x225.jpg 300w, https:\/\/stretchingcolomiers.fr\/wp-content\/uploads\/2022\/07\/IMG_6367-80x60.jpg 80w\" sizes=\"auto, (max-width: 640px) 100vw, 640px\" \/><\/figure>\n\n\n\n<figure class=\"wp-block-image size-large\"><img loading=\"lazy\" decoding=\"async\" width=\"640\" height=\"480\" data-id=\"142\" src=\"http:\/\/stretchingcolomiers.fr\/wp-content\/uploads\/2022\/07\/IMG_6368-rotated.jpg\" alt=\"\" class=\"wp-image-142\" srcset=\"https:\/\/stretchingcolomiers.fr\/wp-content\/uploads\/2022\/07\/IMG_6368-rotated.jpg 640w, https:\/\/stretchingcolomiers.fr\/wp-content\/uploads\/2022\/07\/IMG_6368-300x225.jpg 300w, https:\/\/stretchingcolomiers.fr\/wp-content\/uploads\/2022\/07\/IMG_6368-80x60.jpg 80w\" sizes=\"auto, (max-width: 640px) 100vw, 640px\" \/><\/figure>\n\n\n\n<figure class=\"wp-block-image size-large\"><img loading=\"lazy\" decoding=\"async\" width=\"640\" height=\"480\" data-id=\"143\" src=\"http:\/\/stretchingcolomiers.fr\/wp-content\/uploads\/2022\/07\/IMG_6369-rotated.jpg\" alt=\"\" class=\"wp-image-143\" srcset=\"https:\/\/stretchingcolomiers.fr\/wp-content\/uploads\/2022\/07\/IMG_6369-rotated.jpg 640w, https:\/\/stretchingcolomiers.fr\/wp-content\/uploads\/2022\/07\/IMG_6369-300x225.jpg 300w, https:\/\/stretchingcolomiers.fr\/wp-content\/uploads\/2022\/07\/IMG_6369-80x60.jpg 80w\" sizes=\"auto, (max-width: 640px) 100vw, 640px\" \/><\/figure>\n\n\n\n<figure class=\"wp-block-image size-large\"><img loading=\"lazy\" decoding=\"async\" width=\"2560\" height=\"1920\" data-id=\"144\" src=\"http:\/\/stretchingcolomiers.fr\/wp-content\/uploads\/2022\/07\/IMG_7141-scaled.jpg\" alt=\"\" class=\"wp-image-144\" srcset=\"https:\/\/stretchingcolomiers.fr\/wp-content\/uploads\/2022\/07\/IMG_7141-scaled.jpg 2560w, https:\/\/stretchingcolomiers.fr\/wp-content\/uploads\/2022\/07\/IMG_7141-300x225.jpg 300w, https:\/\/stretchingcolomiers.fr\/wp-content\/uploads\/2022\/07\/IMG_7141-1024x768.jpg 1024w, https:\/\/stretchingcolomiers.fr\/wp-content\/uploads\/2022\/07\/IMG_7141-768x576.jpg 768w, https:\/\/stretchingcolomiers.fr\/wp-content\/uploads\/2022\/07\/IMG_7141-1536x1152.jpg 1536w, https:\/\/stretchingcolomiers.fr\/wp-content\/uploads\/2022\/07\/IMG_7141-2048x1536.jpg 2048w, https:\/\/stretchingcolomiers.fr\/wp-content\/uploads\/2022\/07\/IMG_7141-80x60.jpg 80w\" sizes=\"auto, (max-width: 2560px) 100vw, 2560px\" \/><\/figure>\n\n\n\n<figure class=\"wp-block-image size-large\"><img loading=\"lazy\" decoding=\"async\" width=\"2560\" height=\"1920\" data-id=\"145\" src=\"http:\/\/stretchingcolomiers.fr\/wp-content\/uploads\/2022\/07\/IMG_7208-scaled.jpg\" alt=\"\" class=\"wp-image-145\" srcset=\"https:\/\/stretchingcolomiers.fr\/wp-content\/uploads\/2022\/07\/IMG_7208-scaled.jpg 2560w, https:\/\/stretchingcolomiers.fr\/wp-content\/uploads\/2022\/07\/IMG_7208-300x225.jpg 300w, https:\/\/stretchingcolomiers.fr\/wp-content\/uploads\/2022\/07\/IMG_7208-1024x768.jpg 1024w, https:\/\/stretchingcolomiers.fr\/wp-content\/uploads\/2022\/07\/IMG_7208-768x576.jpg 768w, https:\/\/stretchingcolomiers.fr\/wp-content\/uploads\/2022\/07\/IMG_7208-1536x1152.jpg 1536w, https:\/\/stretchingcolomiers.fr\/wp-content\/uploads\/2022\/07\/IMG_7208-2048x1536.jpg 2048w, https:\/\/stretchingcolomiers.fr\/wp-content\/uploads\/2022\/07\/IMG_7208-80x60.jpg 80w\" sizes=\"auto, (max-width: 2560px) 100vw, 2560px\" \/><\/figure>\n\n\n\n<figure class=\"wp-block-image size-large\"><img loading=\"lazy\" decoding=\"async\" width=\"2560\" height=\"1920\" data-id=\"146\" src=\"http:\/\/stretchingcolomiers.fr\/wp-content\/uploads\/2022\/07\/IMG_7224-scaled.jpg\" alt=\"\" class=\"wp-image-146\" srcset=\"https:\/\/stretchingcolomiers.fr\/wp-content\/uploads\/2022\/07\/IMG_7224-scaled.jpg 2560w, https:\/\/stretchingcolomiers.fr\/wp-content\/uploads\/2022\/07\/IMG_7224-300x225.jpg 300w, https:\/\/stretchingcolomiers.fr\/wp-content\/uploads\/2022\/07\/IMG_7224-1024x768.jpg 1024w, https:\/\/stretchingcolomiers.fr\/wp-content\/uploads\/2022\/07\/IMG_7224-768x576.jpg 768w, https:\/\/stretchingcolomiers.fr\/wp-content\/uploads\/2022\/07\/IMG_7224-1536x1152.jpg 1536w, https:\/\/stretchingcolomiers.fr\/wp-content\/uploads\/2022\/07\/IMG_7224-2048x1536.jpg 2048w, https:\/\/stretchingcolomiers.fr\/wp-content\/uploads\/2022\/07\/IMG_7224-80x60.jpg 80w\" sizes=\"auto, (max-width: 2560px) 100vw, 2560px\" \/><\/figure>\n\n\n\n<figure class=\"wp-block-image size-medium\"><img loading=\"lazy\" decoding=\"async\" width=\"300\" height=\"225\" data-id=\"147\" src=\"http:\/\/stretchingcolomiers.fr\/wp-content\/uploads\/2022\/07\/IMG_7227-300x225.jpg\" alt=\"\" class=\"wp-image-147\" srcset=\"https:\/\/stretchingcolomiers.fr\/wp-content\/uploads\/2022\/07\/IMG_7227-300x225.jpg 300w, https:\/\/stretchingcolomiers.fr\/wp-content\/uploads\/2022\/07\/IMG_7227-1024x768.jpg 1024w, https:\/\/stretchingcolomiers.fr\/wp-content\/uploads\/2022\/07\/IMG_7227-768x576.jpg 768w, https:\/\/stretchingcolomiers.fr\/wp-content\/uploads\/2022\/07\/IMG_7227-1536x1152.jpg 1536w, https:\/\/stretchingcolomiers.fr\/wp-content\/uploads\/2022\/07\/IMG_7227-2048x1536.jpg 2048w, https:\/\/stretchingcolomiers.fr\/wp-content\/uploads\/2022\/07\/IMG_7227-80x60.jpg 80w\" sizes=\"auto, (max-width: 300px) 100vw, 300px\" \/><\/figure>\n\n\n\n<figure class=\"wp-block-image size-medium is-style-default\"><img loading=\"lazy\" decoding=\"async\" width=\"300\" height=\"225\" data-id=\"148\" src=\"http:\/\/stretchingcolomiers.fr\/wp-content\/uploads\/2022\/07\/IMG_7228-300x225.jpg\" alt=\"\" class=\"wp-image-148\" srcset=\"https:\/\/stretchingcolomiers.fr\/wp-content\/uploads\/2022\/07\/IMG_7228-300x225.jpg 300w, https:\/\/stretchingcolomiers.fr\/wp-content\/uploads\/2022\/07\/IMG_7228-1024x768.jpg 1024w, https:\/\/stretchingcolomiers.fr\/wp-content\/uploads\/2022\/07\/IMG_7228-768x576.jpg 768w, https:\/\/stretchingcolomiers.fr\/wp-content\/uploads\/2022\/07\/IMG_7228-1536x1152.jpg 1536w, https:\/\/stretchingcolomiers.fr\/wp-content\/uploads\/2022\/07\/IMG_7228-2048x1536.jpg 2048w, https:\/\/stretchingcolomiers.fr\/wp-content\/uploads\/2022\/07\/IMG_7228-80x60.jpg 80w\" sizes=\"auto, (max-width: 300px) 100vw, 300px\" \/><\/figure>\n<\/figure>\n\n\n\n<p><\/p>\n<\/div><\/div>\n\n\n\n<div class=\"wp-block-group\"><div class=\"wp-block-group__inner-container is-layout-flow wp-block-group-is-layout-flow\">\n<div class=\"wp-block-columns is-layout-flex wp-container-core-columns-is-layout-9d6595d7 wp-block-columns-is-layout-flex\">\n<div class=\"wp-block-column is-layout-flow wp-block-column-is-layout-flow\" style=\"flex-basis:100%\">\n<figure class=\"wp-block-gallery alignleft has-nested-images columns-default is-cropped wp-block-gallery-2 is-layout-flex wp-block-gallery-is-layout-flex\">\n<figure class=\"wp-block-image size-large is-style-default\"><img loading=\"lazy\" decoding=\"async\" width=\"480\" height=\"640\" data-id=\"351\" src=\"http:\/\/stretchingcolomiers.fr\/wp-content\/uploads\/2022\/10\/IMG_7964-rotated.jpg\" alt=\"\" class=\"wp-image-351\" srcset=\"https:\/\/stretchingcolomiers.fr\/wp-content\/uploads\/2022\/10\/IMG_7964-rotated.jpg 480w, https:\/\/stretchingcolomiers.fr\/wp-content\/uploads\/2022\/10\/IMG_7964-225x300.jpg 225w\" sizes=\"auto, (max-width: 480px) 100vw, 480px\" \/><\/figure>\n\n\n\n<figure class=\"wp-block-image size-large\"><img loading=\"lazy\" decoding=\"async\" width=\"480\" height=\"640\" data-id=\"352\" src=\"http:\/\/stretchingcolomiers.fr\/wp-content\/uploads\/2022\/10\/IMG_7963-2-rotated.jpg\" alt=\"\" class=\"wp-image-352\" srcset=\"https:\/\/stretchingcolomiers.fr\/wp-content\/uploads\/2022\/10\/IMG_7963-2-rotated.jpg 480w, https:\/\/stretchingcolomiers.fr\/wp-content\/uploads\/2022\/10\/IMG_7963-2-225x300.jpg 225w\" sizes=\"auto, (max-width: 480px) 100vw, 480px\" \/><\/figure>\n<\/figure>\n<\/div>\n<\/div>\n<\/div><\/div>\n","protected":false},"excerpt":{"rendered":"<p>AUTRE ACTU ! Cr\u00e9ation d&rsquo;un nouveau cours \u00c9quilibre &amp; \u00c9tirements \u00e0 Colomiers RENSIGNEMENTS SUR https:\/\/www.7envous.fr\/equilibre-etirements\/ LA RENTR\u00c9E??? ELLE A COMMENC\u00c9 D\u00c8S LE 1er septembre ! \ud83d\ude42 CONTACT NADIA 06.20.65.69.52 T\u00e9moignage de S\u00e9bastien B. 53 ans \u00ab\u00a0J&rsquo;ai commenc\u00e9 la saison avec un manque manifeste de souplesse, des douleurs lombaires et une musculature abdominale et dorsale tr\u00e8s &hellip; <a href=\"https:\/\/stretchingcolomiers.fr\/index.php\/actualites\/\" class=\"more-link\">Continuer la lecture de <span class=\"screen-reader-text\">Actus\/Photos<\/span> <span class=\"meta-nav\">&rarr;<\/span><\/a><\/p>\n","protected":false},"author":1,"featured_media":0,"parent":0,"menu_order":0,"comment_status":"closed","ping_status":"closed","template":"","meta":{"footnotes":""},"class_list":["post-86","page","type-page","status-publish","hentry"],"_links":{"self":[{"href":"https:\/\/stretchingcolomiers.fr\/index.php\/wp-json\/wp\/v2\/pages\/86","targetHints":{"allow":["GET"]}}],"collection":[{"href":"https:\/\/stretchingcolomiers.fr\/index.php\/wp-json\/wp\/v2\/pages"}],"about":[{"href":"https:\/\/stretchingcolomiers.fr\/index.php\/wp-json\/wp\/v2\/types\/page"}],"author":[{"embeddable":true,"href":"https:\/\/stretchingcolomiers.fr\/index.php\/wp-json\/wp\/v2\/users\/1"}],"replies":[{"embeddable":true,"href":"https:\/\/stretchingcolomiers.fr\/index.php\/wp-json\/wp\/v2\/comments?post=86"}],"version-history":[{"count":71,"href":"https:\/\/stretchingcolomiers.fr\/index.php\/wp-json\/wp\/v2\/pages\/86\/revisions"}],"predecessor-version":[{"id":509,"href":"https:\/\/stretchingcolomiers.fr\/index.php\/wp-json\/wp\/v2\/pages\/86\/revisions\/509"}],"wp:attachment":[{"href":"https:\/\/stretchingcolomiers.fr\/index.php\/wp-json\/wp\/v2\/media?parent=86"}],"curies":[{"name":"wp","href":"https:\/\/api.w.org\/{rel}","templated":true}]}}